{"id":1745,"date":"2023-10-11T19:06:02","date_gmt":"2023-10-11T19:06:02","guid":{"rendered":"https:\/\/plcsolutions.com.mx\/?post_type=product&#038;p=1745"},"modified":"2023-12-06T22:37:01","modified_gmt":"2023-12-06T22:37:01","slug":"allen-bradley-1756-if16h-modulo-de-entrada-analogica","status":"publish","type":"product","link":"https:\/\/plcsolutions.com.mx\/index.php\/producto\/allen-bradley-1756-if16h-modulo-de-entrada-analogica\/","title":{"rendered":"Allen-Bradley 1756-IF16H M\u00f3dulo de entrada anal\u00f3gica"},"content":{"rendered":"","protected":false},"excerpt":{"rendered":"<p><span style=\"font-weight: 400;\">Allen-Bradley 1756-IF16H M\u00f3dulo de entrada anal\u00f3gica de corriente ControlLogix con protocolo HART, 16 entradas de corriente diferencial 0-20mA, 4-20mA; M\u00f3dem HART dedicado por canal, Serie A<\/span><\/p>\n","protected":false},"featured_media":1748,"comment_status":"open","ping_status":"closed","template":"","meta":{"_joinchat":[]},"product_cat":[29],"product_tag":[],"class_list":["post-1745","product","type-product","status-publish","has-post-thumbnail","hentry","product_cat-modulo-de-entrada"],"acf":[],"_links":{"self":[{"href":"https:\/\/plcsolutions.com.mx\/index.php\/wp-json\/wp\/v2\/product\/1745","targetHints":{"allow":["GET"]}}],"collection":[{"href":"https:\/\/plcsolutions.com.mx\/index.php\/wp-json\/wp\/v2\/product"}],"about":[{"href":"https:\/\/plcsolutions.com.mx\/index.php\/wp-json\/wp\/v2\/types\/product"}],"replies":[{"embeddable":true,"href":"https:\/\/plcsolutions.com.mx\/index.php\/wp-json\/wp\/v2\/comments?post=1745"}],"wp:featuredmedia":[{"embeddable":true,"href":"https:\/\/plcsolutions.com.mx\/index.php\/wp-json\/wp\/v2\/media\/1748"}],"wp:attachment":[{"href":"https:\/\/plcsolutions.com.mx\/index.php\/wp-json\/wp\/v2\/media?parent=1745"}],"wp:term":[{"taxonomy":"product_cat","embeddable":true,"href":"https:\/\/plcsolutions.com.mx\/index.php\/wp-json\/wp\/v2\/product_cat?post=1745"},{"taxonomy":"product_tag","embeddable":true,"href":"https:\/\/plcsolutions.com.mx\/index.php\/wp-json\/wp\/v2\/product_tag?post=1745"}],"curies":[{"name":"wp","href":"https:\/\/api.w.org\/{rel}","templated":true}]}}